{"id":4439,"date":"2021-10-12T16:27:24","date_gmt":"2021-10-12T16:27:24","guid":{"rendered":"http:\/\/dummy.xtemos.com\/woodmart2\/elementor\/?page_id=4439"},"modified":"2026-04-14T11:41:53","modified_gmt":"2026-04-14T11:41:53","slug":"contact","status":"publish","type":"page","link":"https:\/\/emixirlabs.com\/ro\/contact\/","title":{"rendered":"Contact"},"content":{"rendered":"\t\t<div data-elementor-type=\"wp-page\" data-elementor-id=\"4439\" class=\"elementor elementor-4439\">\n\t\t\t\t<div class=\"wd-negative-gap elementor-element elementor-element-73f56e8 e-flex e-con-boxed e-con e-parent\" data-id=\"73f56e8\" data-element_type=\"container\" data-e-type=\"container\">\n\t\t\t\t\t<div class=\"e-con-inner\">\n\t\t\t\t<div class=\"elementor-element elementor-element-8cfea89 elementor-widget elementor-widget-wd_text_block\" data-id=\"8cfea89\" data-element_type=\"widget\" data-e-type=\"widget\" data-widget_type=\"wd_text_block.default\">\n\t\t\t\t<div class=\"elementor-widget-container\">\n\t\t\t\t\t\t\t<div class=\"wd-text-block reset-last-child text-left\">\n\t\t\t\n\t\t\t<\/p>\n<div class=\"emixir-contact-info\" style=\"text-align: center; max-width: 600px; margin: 0 auto; padding-top: 40px; padding-bottom: 20px;\">\n<h2 style=\"text-transform: uppercase; letter-spacing: 2px; margin-bottom: 20px;\">Linie Direct\u0103 Laborator<\/h2>\n<p style=\"color: #555; line-height: 1.6; margin-bottom: 30px;\">Pentru asisten\u021b\u0103 privind protocoalele celulare, statusul expedi\u021biilor sau \u00eentreb\u0103ri legate de ecosistemul EMIXIR, departamentul nostru de concierge v\u0103 st\u0103 la dispozi\u021bie.<\/p>\n<p style=\"font-size: 16px;\"><strong>Email:<\/strong> contact@emixirlabs.com<\/p>\n<p style=\"font-size: 16px;\"><strong>Program Suport:<\/strong> Luni - Vineri | 09:00 - 17:00<\/p>\n<\/div>\n<p>\n\n\n\t\t\t\t\t<\/div>\n\t\t\t\t\t\t<\/div>\n\t\t\t\t<\/div>\n\t\t\t\t<div class=\"elementor-element elementor-element-27cc528 elementor-widget elementor-widget-shortcode\" data-id=\"27cc528\" data-element_type=\"widget\" data-e-type=\"widget\" data-widget_type=\"shortcode.default\">\n\t\t\t\t\t\t\t<div class=\"elementor-shortcode\">\n<div class=\"wpcf7 no-js\" id=\"wpcf7-f29452-o1\" lang=\"ro-RO\" dir=\"ltr\" data-wpcf7-id=\"29452\">\n<div class=\"screen-reader-response\"><p role=\"status\" aria-live=\"polite\" aria-atomic=\"true\"><\/p> <ul><\/ul><\/div>\n<form action=\"\/ro\/wp-json\/wp\/v2\/pages\/4439#wpcf7-f29452-o1\" method=\"post\" class=\"wpcf7-form init\" aria-label=\"Formular de contact\" novalidate=\"novalidate\" data-status=\"init\">\n<fieldset class=\"hidden-fields-container\"><input type=\"hidden\" name=\"_wpcf7\" value=\"29452\" \/><input type=\"hidden\" name=\"_wpcf7_version\" value=\"6.1.5\" \/><input type=\"hidden\" name=\"_wpcf7_locale\" value=\"ro_RO\" \/><input type=\"hidden\" name=\"_wpcf7_unit_tag\" value=\"wpcf7-f29452-o1\" \/><input type=\"hidden\" name=\"_wpcf7_container_post\" value=\"0\" \/><input type=\"hidden\" name=\"_wpcf7_posted_data_hash\" value=\"\" \/>\n<\/fieldset>\n<div class=\"wpcf7-turnstile cf-turnstile\" data-sitekey=\"0x4AAAAAADF5SAeEEGQcjz-U\" data-response-field-name=\"_wpcf7_turnstile_response\"><\/div>\n\n<div style=\"max-width: 600px; margin: 0 auto;\">\n\t<div style=\"margin-bottom: 20px;\">\n\t\t<p><label style=\"font-weight: 600; text-transform: uppercase; font-size: 12px; letter-spacing: 1px;\"> Numele t\u0103u complet<br \/>\n<span class=\"wpcf7-form-control-wrap\" data-name=\"your-name\"><input size=\"40\" maxlength=\"400\" class=\"wpcf7-form-control wpcf7-text wpcf7-validates-as-required\" autocomplete=\"name\" aria-required=\"true\" aria-invalid=\"false\" value=\"\" type=\"text\" name=\"your-name\" \/><\/span> <\/label>\n\t\t<\/p>\n\t<\/div>\n\t<div style=\"margin-bottom: 20px;\">\n\t\t<p><label style=\"font-weight: 600; text-transform: uppercase; font-size: 12px; letter-spacing: 1px;\"> Adresa de Email<br \/>\n<span class=\"wpcf7-form-control-wrap\" data-name=\"your-email\"><input size=\"40\" maxlength=\"400\" class=\"wpcf7-form-control wpcf7-email wpcf7-validates-as-required wpcf7-text wpcf7-validates-as-email\" autocomplete=\"email\" aria-required=\"true\" aria-invalid=\"false\" value=\"\" type=\"email\" name=\"your-email\" \/><\/span> <\/label>\n\t\t<\/p>\n\t<\/div>\n\t<div style=\"margin-bottom: 30px;\">\n\t\t<p><label style=\"font-weight: 600; text-transform: uppercase; font-size: 12px; letter-spacing: 1px;\"> Detaliaz\u0103 solicitarea ta<br \/>\n<span class=\"wpcf7-form-control-wrap\" data-name=\"your-message\"><textarea cols=\"40\" rows=\"5\" maxlength=\"2000\" class=\"wpcf7-form-control wpcf7-textarea wpcf7-validates-as-required\" aria-required=\"true\" aria-invalid=\"false\" name=\"your-message\"><\/textarea><\/span> <\/label>\n\t\t<\/p>\n\t<\/div>\n\t<div style=\"text-align: center;\">\n\t\t<p><input class=\"wpcf7-form-control wpcf7-submit has-spinner button alt\" type=\"submit\" value=\"Ini\u021biaz\u0103 Comunicarea\" \/>\n\t\t<\/p>\n\t<\/div>\n<\/div><div class=\"wpcf7-response-output\" aria-hidden=\"true\"><\/div>\n<\/form>\n<\/div>\n<\/div>\n\t\t\t\t\t\t<\/div>\n\t\t\t\t\t<\/div>\n\t\t\t\t<\/div>\n\t\t\t\t<\/div>\n\t\t","protected":false},"excerpt":{"rendered":"<p>Linie Direct\u0103 Laborator Pentru asisten\u021b\u0103 privind protocoalele celulare, statusul expedi\u021biilor sau \u00eentreb\u0103ri legate de ecosistemul EMIXIR, departamentul nostru de concierge<\/p>\n","protected":false},"author":1,"featured_media":0,"parent":0,"menu_order":0,"comment_status":"closed","ping_status":"closed","template":"","meta":{"footnotes":""},"class_list":["post-4439","page","type-page","status-publish","hentry"],"_links":{"self":[{"href":"https:\/\/emixirlabs.com\/ro\/wp-json\/wp\/v2\/pages\/4439","targetHints":{"allow":["GET"]}}],"collection":[{"href":"https:\/\/emixirlabs.com\/ro\/wp-json\/wp\/v2\/pages"}],"about":[{"href":"https:\/\/emixirlabs.com\/ro\/wp-json\/wp\/v2\/types\/page"}],"author":[{"embeddable":true,"href":"https:\/\/emixirlabs.com\/ro\/wp-json\/wp\/v2\/users\/1"}],"replies":[{"embeddable":true,"href":"https:\/\/emixirlabs.com\/ro\/wp-json\/wp\/v2\/comments?post=4439"}],"version-history":[{"count":7,"href":"https:\/\/emixirlabs.com\/ro\/wp-json\/wp\/v2\/pages\/4439\/revisions"}],"predecessor-version":[{"id":29455,"href":"https:\/\/emixirlabs.com\/ro\/wp-json\/wp\/v2\/pages\/4439\/revisions\/29455"}],"wp:attachment":[{"href":"https:\/\/emixirlabs.com\/ro\/wp-json\/wp\/v2\/media?parent=4439"}],"curies":[{"name":"wp","href":"https:\/\/api.w.org\/{rel}","templated":true}]}}